{"id":70,"date":"2018-04-14T10:30:03","date_gmt":"2018-04-14T08:30:03","guid":{"rendered":"http:\/\/dev.comune.barcellona-pozzo-di-gotto.me.it\/informagiovani\/?page_id=70"},"modified":"2021-05-03T10:22:18","modified_gmt":"2021-05-03T08:22:18","slug":"universita","status":"publish","type":"page","link":"https:\/\/old.comune.barcellona-pozzo-di-gotto.me.it\/informagiovani\/formazione\/universita\/","title":{"rendered":"Universit\u00e0"},"content":{"rendered":"<p><a href=\"https:\/\/www.unime.it\/it\">Universit\u00e0 di Messina<\/a><\/p>\n<p><a href=\"https:\/\/www.unict.it\/\">Universit\u00e0 di Catania<\/a><\/p>\n<p><a href=\"https:\/\/www.unipa.it\/\">Universit\u00e0 di Palermo<\/a><\/p>\n<p><a href=\"https:\/\/unikore.it\/index.php\/it\/\">Universit\u00e0 di Enna<\/a><\/p>\n<p><a href=\"http:\/\/www.unirg.it\/home\">Universit\u00e0 di Ragusa<\/a><\/p>\n","protected":false},"excerpt":{"rendered":"<p>Universit\u00e0 di Messina Universit\u00e0 di Catania Universit\u00e0 di Palermo Universit\u00e0 di Enna Universit\u00e0 di Ragusa<\/p>\n","protected":false},"author":1,"featured_media":0,"parent":68,"menu_order":0,"comment_status":"closed","ping_status":"closed","template":"","meta":[],"yoast_head":"<!-- This site is optimized with the Yoast SEO plugin v15.5 - https:\/\/yoast.com\/wordpress\/plugins\/seo\/ -->\n<title>Universit\u00e0 - Informagiovani<\/title>\n<meta name=\"robots\" content=\"index, follow, max-snippet:-1, max-image-preview:large, max-video-preview:-1\" \/>\n<link rel=\"canonical\" href=\"https:\/\/old.comune.barcellona-pozzo-di-gotto.me.it\/informagiovani\/formazione\/universita\/\" \/>\n<meta property=\"og:locale\" content=\"it_IT\" \/>\n<meta property=\"og:type\" content=\"article\" \/>\n<meta property=\"og:title\" content=\"Universit\u00e0 - Informagiovani\" \/>\n<meta property=\"og:description\" content=\"Universit\u00e0 di Messina Universit\u00e0 di Catania Universit\u00e0 di Palermo Universit\u00e0 di Enna Universit\u00e0 di Ragusa\" \/>\n<meta property=\"og:url\" content=\"https:\/\/old.comune.barcellona-pozzo-di-gotto.me.it\/informagiovani\/formazione\/universita\/\" \/>\n<meta property=\"og:site_name\" content=\"Informagiovani\" \/>\n<meta property=\"article:modified_time\" content=\"2021-05-03T08:22:18+00:00\" \/>\n<meta name=\"twitter:card\" content=\"summary_large_image\" \/>\n<meta name=\"twitter:label1\" content=\"Tempo di lettura stimato\">\n\t<meta name=\"twitter:data1\" content=\"0 minuti\">\n<script type=\"application\/ld+json\" class=\"yoast-schema-graph\">{\"@context\":\"https:\/\/schema.org\",\"@graph\":[{\"@type\":\"WebSite\",\"@id\":\"https:\/\/old.comune.barcellona-pozzo-di-gotto.me.it\/informagiovani\/#website\",\"url\":\"https:\/\/old.comune.barcellona-pozzo-di-gotto.me.it\/informagiovani\/\",\"name\":\"Informagiovani\",\"description\":\"Comune di Barcellona Pozzo di Gotto\",\"potentialAction\":[{\"@type\":\"SearchAction\",\"target\":\"https:\/\/old.comune.barcellona-pozzo-di-gotto.me.it\/informagiovani\/?s={search_term_string}\",\"query-input\":\"required name=search_term_string\"}],\"inLanguage\":\"it-IT\"},{\"@type\":\"WebPage\",\"@id\":\"https:\/\/old.comune.barcellona-pozzo-di-gotto.me.it\/informagiovani\/formazione\/universita\/#webpage\",\"url\":\"https:\/\/old.comune.barcellona-pozzo-di-gotto.me.it\/informagiovani\/formazione\/universita\/\",\"name\":\"Universit\\u00e0 - Informagiovani\",\"isPartOf\":{\"@id\":\"https:\/\/old.comune.barcellona-pozzo-di-gotto.me.it\/informagiovani\/#website\"},\"datePublished\":\"2018-04-14T08:30:03+00:00\",\"dateModified\":\"2021-05-03T08:22:18+00:00\",\"inLanguage\":\"it-IT\",\"potentialAction\":[{\"@type\":\"ReadAction\",\"target\":[\"https:\/\/old.comune.barcellona-pozzo-di-gotto.me.it\/informagiovani\/formazione\/universita\/\"]}]}]}<\/script>\n<!-- \/ Yoast SEO plugin. -->","_links":{"self":[{"href":"https:\/\/old.comune.barcellona-pozzo-di-gotto.me.it\/informagiovani\/wp-json\/wp\/v2\/pages\/70"}],"collection":[{"href":"https:\/\/old.comune.barcellona-pozzo-di-gotto.me.it\/informagiovani\/wp-json\/wp\/v2\/pages"}],"about":[{"href":"https:\/\/old.comune.barcellona-pozzo-di-gotto.me.it\/informagiovani\/wp-json\/wp\/v2\/types\/page"}],"author":[{"embeddable":true,"href":"https:\/\/old.comune.barcellona-pozzo-di-gotto.me.it\/informagiovani\/wp-json\/wp\/v2\/users\/1"}],"replies":[{"embeddable":true,"href":"https:\/\/old.comune.barcellona-pozzo-di-gotto.me.it\/informagiovani\/wp-json\/wp\/v2\/comments?post=70"}],"version-history":[{"count":5,"href":"https:\/\/old.comune.barcellona-pozzo-di-gotto.me.it\/informagiovani\/wp-json\/wp\/v2\/pages\/70\/revisions"}],"predecessor-version":[{"id":11052,"href":"https:\/\/old.comune.barcellona-pozzo-di-gotto.me.it\/informagiovani\/wp-json\/wp\/v2\/pages\/70\/revisions\/11052"}],"up":[{"embeddable":true,"href":"https:\/\/old.comune.barcellona-pozzo-di-gotto.me.it\/informagiovani\/wp-json\/wp\/v2\/pages\/68"}],"wp:attachment":[{"href":"https:\/\/old.comune.barcellona-pozzo-di-gotto.me.it\/informagiovani\/wp-json\/wp\/v2\/media?parent=70"}],"curies":[{"name":"wp","href":"https:\/\/api.w.org\/{rel}","templated":true}]}}